{"id":398,"date":"2019-05-24T04:29:54","date_gmt":"2019-05-24T04:29:54","guid":{"rendered":"http:\/\/templatebundle.net\/wp\/moto\/netw2\/garden-care\/?page_id=6"},"modified":"2024-06-05T11:16:14","modified_gmt":"2024-06-05T09:16:14","slug":"bono-regalo","status":"publish","type":"page","link":"https:\/\/crezco82.es\/motor82\/bono-regalo\/","title":{"rendered":"Bono Regalo"},"content":{"rendered":"<p>[vc_row css=\u00bb.vc_custom_1715681788744{background-position: center !important;background-repeat: no-repeat !important;background-size: cover !important;}\u00bb][vc_column width=\u00bb2\/3&#8243; delay=\u00bb0ms\u00bb css=\u00bb.vc_custom_1547542454111{padding-bottom: 20px !important;}\u00bb][vc_single_image image=\u00bb801&#8243; img_size=\u00bbfull\u00bb alignment=\u00bbcenter\u00bb][\/vc_column][vc_column width=\u00bb1\/3&#8243;]<div class=\"pixel_69ddcc8dbfd68\"><\/div><section class=\"pixel_fancy_heading text-center border_bottom pixel_69ddcc8dbfdad\"><h1>Bono <strong>Regalo<\/strong><\/h1><\/section>[vc_column_text el_class=\u00bbh1 subtitle\u00bb]<\/p>\n<p style=\"text-align: center;\">Si est\u00e1s pensando en hacer un regalo divertido, diferente y original, esta es tu oportunidad:<b>\u00a1Regala Unreal Room Escape!<\/b><\/p>\n<p>[\/vc_column_text]<div class=\"pixel_69ddcc8dbfde9\"><\/div>[\/vc_column][\/vc_row][vc_row txt_section_align=\u00bbtxt-center\u00bb css=\u00bb.vc_custom_1715760042738{background-position: center !important;background-repeat: no-repeat !important;background-size: cover !important;}\u00bb][vc_column][vc_row_inner][vc_column_inner width=\u00bb1\/6&#8243;][\/vc_column_inner][vc_column_inner width=\u00bb2\/3&#8243;][vc_separator el_width=\u00bb80&#8243;][vc_column_text]<\/p>\n<h3 style=\"text-align: center;\">\u00a1Compra un bono regalo y regala una experiencia \u00fanica!<\/h3>\n<p>&nbsp;<\/p>\n<ul>\n<li>Selecciona el n\u00famero de participantes que quieres regalar.<\/li>\n<li>Te llegar\u00e1 el bono regalo en formato pdf para que puedas rellenarlo y entregarlo.<\/li>\n<li>Regala la experiencia y sorprende a la persona afortunada!<\/li>\n<li>La persona que lo reciba s\u00f3lo tendr\u00e1 que seleccionar un d\u00eda y hora en nuestro calendario y hacer la reserva con el c\u00f3digo que aparece en el bono regalo.<\/li>\n<\/ul>\n<p>* Si no est\u00e1s seguro de cu\u00e1ntas personas vendr\u00e1n a jugar puedes comprar el bono regalo para 2 personas y si vienen m\u00e1s se pagar\u00e1 la diferencia en el local.<\/p>\n<p>* El bono es v\u00e1lido para los dos juegos de LA MINA y THE NARCOS.<\/p>\n<p>* El bono tendr\u00e1 una validez de 6 meses desde el momento de la compra.[\/vc_column_text]<div class=\"pixel_69ddcc8dbfdf3\"><\/div>[\/vc_column_inner][vc_column_inner width=\u00bb1\/6&#8243;][\/vc_column_inner][\/vc_row_inner][\/vc_column][\/vc_row][vc_row full_width=\u00bbstretch_row\u00bb el_id=\u00bbreserves-form\u00bb css=\u00bb.vc_custom_1715682805159{background-image: url(http:\/\/localhost\/CREZCO\/motor-reserves8\/wp-content\/uploads\/2024\/05\/fondo-2.jpg?id=807) !important;background-position: center !important;background-repeat: no-repeat !important;background-size: cover !important;}\u00bb][vc_column][vc_column_text]<\/p>\n<h2 style=\"text-align: center;\">INFORMACI\u00d3N PERSONAL DEL COMPRADOR<\/h2>\n<p>[\/vc_column_text][vc_separator el_width=\u00bb80&#8243;][vc_column_text]<\/p>\n<p style=\"text-align: center;\"><div class=\"booking-data-container\">\n\t\t\t\t<div class=\"booking-data\">\n\t\t\t\t\t<div>\n\t\t\t\t\t\t<h2>Datos del Comprador<\/h2>\n\t\t\t\t\t\t<form role=\"form\" id=\"crezco-booking-form\" action=\"https:\/\/sis-t.redsys.es:25443\/sis\/realizarPago\" method=\"post\" style=\"margin-top:15px; display: block;\"> \n\t\t\t\t\t\t\t<div class=\"form-group\">\t\t\t\t\t\t   \n\t\t\t\t\t\t\t\t<div class=\"col-xs-10\">\n\t\t\t\t\t\t\t\t\t<input type=\"text\" name=\"book-name\" class=\"form-control\" id=\"inputName\" placeholder=\"NOMBRE Y APELLIDOS\" maxlength=\"50\" required=\"\">\n\t\t\t\t\t\t\t\t<\/div>\n\t\t\t\t\t\t\t<\/div>\n\t\t\t\t\t\t\t <div class=\"form-group\">\t\t\t\t\t\t\t\n\t\t\t\t\t\t\t\t<div class=\"col-xs-10\">\n\t\t\t\t\t\t\t\t\t<input type=\"text\" name=\"book-lastname\" class=\"form-control\" id=\"inputEmail\" placeholder=\"EMAIL\" maxlength=\"100\" required=\"\">\n\t\t\t\t\t\t\t\t<\/div>\n\t\t\t\t\t\t\t<\/div>\n\t\t\t\t\t\t\t<div class=\"form-group\">\t\t\t\t\t\t\t\n\t\t\t\t\t\t\t\t<div class=\"col-xs-10\">\n\t\t\t\t\t\t\t\t\t<input onpaste=\"return false\" type=\"text\" autocomplete=\"off\" name=\"book-lastname\" class=\"form-control\" id=\"inputEmailverify\" placeholder=\"VERIFICA EMAIL\" required=\"\">\n\t\t\t\t\t\t\t\t<\/div>\n\t\t\t\t\t\t\t<\/div>\t\n\t\t\t\t\t\t\t<div class=\"form-group\">\t\t\t\t\t\t\t\n\t\t\t\t\t\t\t\t<div class=\"col-xs-10\">\n\t\t\t\t\t\t\t\t\t<input type=\"text\" name=\"book-phone\" class=\"form-control\" id=\"inputPhone\" placeholder=\"TELEFONO\" maxlength=\"20\" required=\"\">\n\t\t\t\t\t\t\t\t<\/div>\n\t\t\t\t\t\t\t<\/div>\n\t\t\t\t\t\t\t<div class=\"form-group\">\n\t\t\t\t\t\t\t\t<div class=\"col-xs-10\">\n\t\t\t\t\t\t\t\t\t<textarea name=\"book-comments\" class=\"form-control\" id=\"inputComments\" placeholder=\"OBSERVACIONES\"><\/textarea>\n\t\t\t\t\t\t\t\t<\/div>\n\t\t\t\t\t\t\t<\/div>\n\t\t\t\t\t\t\t<div class=\"form-group\">\n\t\t\t\t\t\t\t\t<div class=\"col-xs-10\">\n\t\t\t\t\t\t\t\t\t<select class=\"form-control\" id=\"inputPersonas2\" name=\"inputPersonas\">\n\t\t\t\t\t\t\t\t\t\t<option value=\"\">-- PARTICIPANTES --<\/option>\n\t\t\t\n\t\t\t\t\t\t\t\t\t\t\t\t<option value=\"2\">2 - 70\u20ac<\/option>\n\t\t\t\t\t\t\t\t\t\n\t\t\t\t\t\t\t\t\t\t\t\t<option value=\"3\">3 - 81\u20ac<\/option>\n\t\t\t\t\t\t\t\t\t\n\t\t\t\t\t\t\t\t\t\t\t\t<option value=\"4\">4 - 100\u20ac<\/option>\n\t\t\t\t\t\t\t\t\t\n\t\t\t\t\t\t\t\t\t\t\t\t<option value=\"5\">5 - 115\u20ac<\/option>\n\t\t\t\t\t\t\t\t\t\n\t\t\t\t\t\t\t\t\t\t\t\t<option value=\"6\">6 - 126\u20ac<\/option>\n\t\t\t\t\t\t\t\t\t\n\t\t\t\t\t\t\t\t\t\t\t\t<option value=\"7\">7 - 133\u20ac<\/option>\n\t\t\t\t\t\t\t\t\t\n\t\t\t\t\t\t\t\t\t<\/select>\n\t\t\t\t\t\t\t\t<\/div>\n\t\t\t\t\t\t\t<\/div>\n\t\t\t\t\t\t\t<div class=\"form-group\" id=\"mision-display\">\n\t\t\t\t\t\t\t\t<div class=\"col-xs-10\">\n\t\t\t\t\t\t\t\t\t<select class=\"form-control\" id=\"inputMision2\" name=\"inputPersonas\">\n\t\t\t\t\t\t\t\t\t\t<option value=\"\">-- MISIONES --<\/option>\t\t\t<option value=\"La Mina\" Selected>La Mina<\/option><option value=\"The Narcos\">The Narcos<\/option><option value=\"MINA KIDS\">MINA KIDS<\/option><\/select>\n\t\t\t\t\t\t\t\t\t\t\t<\/div>\n\t\t\t\t\t\t\t\t\t\t<\/div>\n\t\t\t\t\t\t\t<input type=\"hidden\" id=\"booking-uid\" name=\"booking-uid\" value=\"\">\n\t\t\t\t\t\t\t<input type=\"hidden\" id=\"Aux_Ds_Merchant_Amount\" name=\"\" value=\"7000\"><\/input>\n\t\t\t\t\t\t\t<input type=\"hidden\" id=\"Aux_Ds_Merchant_Order\" name=\"\" value=\"2040551141\"><\/input>\n\n\t\t\t\t\t\t\t<input type=\"hidden\" id=\"Ds_SignatureVersion\" name=\"Ds_SignatureVersion\" value=\"HMAC_SHA256_V1\"><\/input>\n\t\t\t\t\t\t\t<input type=\"hidden\" id=\"Ds_MerchantParameters\" name=\"Ds_MerchantParameters\" value=\"eyJEU19NRVJDSEFOVF9BTU9VTlQiOjcwMDAsIkRTX01FUkNIQU5UX09SREVSIjoiMjA0MDU1MTE0MSIsIkRTX01FUkNIQU5UX01FUkNIQU5UQ09ERSI6IjM1MTIzMTg4MSIsIkRTX01FUkNIQU5UX0NVUlJFTkNZIjoiOTc4IiwiRFNfTUVSQ0hBTlRfVFJBTlNBQ1RJT05UWVBFIjoiMCIsIkRTX01FUkNIQU5UX1RFUk1JTkFMIjoiMSIsIkRTX01FUkNIQU5UX01FUkNIQU5UVVJMIjoiaHR0cHM6XC9cL2NyZXpjbzgyLmVzXC9tb3RvcjgyXC9SZWRTeXNSZXR1cm4ucGhwIiwiRFNfTUVSQ0hBTlRfVVJMT0siOiJodHRwczpcL1wvY3JlemNvODIuZXNcL21vdG9yODJcL3BhZ28tYWNlcHRhZG8iLCJEU19NRVJDSEFOVF9VUkxLTyI6Imh0dHBzOlwvXC9jcmV6Y284Mi5lc1wvbW90b3I4MlwvIn0=\"><\/input>\n\t\t\t\t\t\t\t<input type=\"hidden\" id=\"Ds_Signature\" name=\"Ds_Signature\" value=\"Kpx8GPQnaGyBtIGNHs2L\/mz1LpZsmWTEo02Rx7rkTUo=\"><\/input>\n\t\t\t\t\t\t\t<div>\n\t\t\t\t\t\t\t\t<br \/>\n\t\t\t\t\t\t\t\t<input type=\"checkbox\" id=\"inputCondiciones\" class=\"wpcf7-form-control wpcf7-acceptance\" aria-invalid=\"false\">\n\t\t\t\t\t\t\t\tHe le\u00eddo las <a href=\"https:\/\/unrealroomescape.es\/hospitalet\/?p=507#condiciones\" target=\"_blank\"><b>Condiciones de la reserva<\/b><\/a> \n\t\t\t\t\t\t\t\t<br \/>\n\t\t\t\t\t\t\t\t<input type=\"checkbox\" id=\"inputPublicidad\" class=\"wpcf7-form-control wpcf7-acceptance\" aria-invalid=\"false\">\n\t\t\t\t\t\t\t\tAcepto recibir publicidad y promociones de <b>UNREAL ROOM ESCAPE<\/b>. \n\t\t\t\t\t\t\t<\/div>\n\t\t\t\t\t\t<\/form>\n\t\t\t\t\t<\/div>\n\t\t\t\t<\/div>\n\t\t\t\t<div class=\"booking-brief\">\t\t\t\t\t\n\t\t\t\t\t<h2>Informaci\u00f3n<\/h2>\n\t\t\t\t\t<div class=\"booking-brief-info\">\n\t\t\t\t\t\tTienes diez minutos desde el inicio del pago hasta el fin de la transacci\u00f3n. Durante el proceso de pago ser\u00e1s redirigido a la pasarela del banco. No almacenamos los datos de las tarjetas de cr\u00e9dito. Los pagos en nuestra web son 100% seguros. Todas las tarjetas de cr\u00e9dito principales son aceptadas..\n\t\t\t\t\t<\/div>\n\t\t\t\t<\/div>\n\t\t\t\t<div class=\"booking-data-bono\">\n\t\t\t\t\t<h2>Pago<\/h2>\n\t\t\t\t\t<div class=\"form-group\">\n\t\t\t\t\t\t<div class=\"col-xs-offset-2 col-xs-10 w-last-chap\">\n\t\t\t\t\t\t\t<img decoding=\"async\" id=\"book-loader\" src=\"https:\/\/crezco82.es\/motor82\/wp-content\/plugins\/wp-crezco-booking\/img\/ajax-loader.gif\" style=\"display:none\"><\/img>\n\t\t\t\t\t\t\t<span id=\"book-btn2\" class=\"book-btn\">Comprar<\/span>\n\t\t\t\t\t\t\t<strong id=\"FinalPrice2\">70 \u20ac<\/strong> \n\t\t\t\t\t\t<\/div>\n\t\t\t\t\t<\/div>\n\t\t\t\t<\/div>\n\t\t\t\t<div id=\"book-err-div\">\n\t\t\t\t\t<ul id=\"crezco-booking-form-errors\"><\/ul>\n\t\t\t\t<\/div>\t\t\t\n\t\t\t<\/div>\n\t\t<\/div>\n<p>[\/vc_column_text][\/vc_column][\/vc_row]<\/p>\n","protected":false},"excerpt":{"rendered":"<p>[vc_row css=\u00bb.vc_custom_1715681788744{background-position: center !important;background-repeat: no-repeat !important;background-size: cover !important;}\u00bb][vc_column width=\u00bb2\/3&#8243; delay=\u00bb0ms\u00bb css=\u00bb.vc_custom_1547542454111{padding-bottom: 20px !important;}\u00bb][vc_single_image image=\u00bb801&#8243; img_size=\u00bbfull\u00bb alignment=\u00bbcenter\u00bb][\/vc_column][vc_column width=\u00bb1\/3&#8243;][vc_column_text el_class=\u00bbh1 subtitle\u00bb] Si.<\/p>\n","protected":false},"author":1,"featured_media":0,"parent":0,"menu_order":0,"comment_status":"closed","ping_status":"closed","template":"","meta":{"footnotes":""},"yoast_head":"<!-- This site is optimized with the Yoast SEO plugin v22.7 - https:\/\/yoast.com\/wordpress\/plugins\/seo\/ -->\n<title>Bono Regalo - UNREAL ROOM ESCAPE<\/title>\n<meta name=\"robots\" content=\"index, follow, max-snippet:-1, max-image-preview:large, max-video-preview:-1\" \/>\n<link rel=\"canonical\" href=\"https:\/\/crezco82.es\/motor82\/bono-regalo\/\" \/>\n<meta property=\"og:locale\" content=\"es_ES\" \/>\n<meta property=\"og:type\" content=\"article\" \/>\n<meta property=\"og:title\" content=\"Bono Regalo - UNREAL ROOM ESCAPE\" \/>\n<meta property=\"og:description\" content=\"[vc_row css=\u00bb.vc_custom_1715681788744{background-position: center !important;background-repeat: no-repeat !important;background-size: cover !important;}\u00bb][vc_column width=\u00bb2\/3&#8243; delay=\u00bb0ms\u00bb css=\u00bb.vc_custom_1547542454111{padding-bottom: 20px !important;}\u00bb][vc_single_image image=\u00bb801&#8243; img_size=\u00bbfull\u00bb alignment=\u00bbcenter\u00bb][\/vc_column][vc_column width=\u00bb1\/3&#8243;][vc_column_text el_class=\u00bbh1 subtitle\u00bb] Si.\" \/>\n<meta property=\"og:url\" content=\"https:\/\/crezco82.es\/motor82\/bono-regalo\/\" \/>\n<meta property=\"og:site_name\" content=\"UNREAL ROOM ESCAPE\" \/>\n<meta property=\"article:modified_time\" content=\"2024-06-05T09:16:14+00:00\" \/>\n<meta name=\"twitter:card\" content=\"summary_large_image\" \/>\n<meta name=\"twitter:label1\" content=\"Tiempo de lectura\" \/>\n\t<meta name=\"twitter:data1\" content=\"1 minuto\" \/>\n<script type=\"application\/ld+json\" class=\"yoast-schema-graph\">{\"@context\":\"https:\/\/schema.org\",\"@graph\":[{\"@type\":\"WebPage\",\"@id\":\"https:\/\/crezco82.es\/motor82\/bono-regalo\/\",\"url\":\"https:\/\/crezco82.es\/motor82\/bono-regalo\/\",\"name\":\"Bono Regalo - UNREAL ROOM ESCAPE\",\"isPartOf\":{\"@id\":\"https:\/\/crezco82.es\/motor82\/#website\"},\"datePublished\":\"2019-05-24T04:29:54+00:00\",\"dateModified\":\"2024-06-05T09:16:14+00:00\",\"breadcrumb\":{\"@id\":\"https:\/\/crezco82.es\/motor82\/bono-regalo\/#breadcrumb\"},\"inLanguage\":\"es\",\"potentialAction\":[{\"@type\":\"ReadAction\",\"target\":[\"https:\/\/crezco82.es\/motor82\/bono-regalo\/\"]}]},{\"@type\":\"BreadcrumbList\",\"@id\":\"https:\/\/crezco82.es\/motor82\/bono-regalo\/#breadcrumb\",\"itemListElement\":[{\"@type\":\"ListItem\",\"position\":1,\"name\":\"Portada\",\"item\":\"https:\/\/crezco82.es\/motor82\/\"},{\"@type\":\"ListItem\",\"position\":2,\"name\":\"Bono Regalo\"}]},{\"@type\":\"WebSite\",\"@id\":\"https:\/\/crezco82.es\/motor82\/#website\",\"url\":\"https:\/\/crezco82.es\/motor82\/\",\"name\":\"UNREAL ROOM ESCAPE\",\"description\":\"UNREAL ROOM ESCAPE\",\"potentialAction\":[{\"@type\":\"SearchAction\",\"target\":{\"@type\":\"EntryPoint\",\"urlTemplate\":\"https:\/\/crezco82.es\/motor82\/?s={search_term_string}\"},\"query-input\":\"required name=search_term_string\"}],\"inLanguage\":\"es\"}]}<\/script>\n<!-- \/ Yoast SEO plugin. -->","yoast_head_json":{"title":"Bono Regalo - UNREAL ROOM ESCAPE","robots":{"index":"index","follow":"follow","max-snippet":"max-snippet:-1","max-image-preview":"max-image-preview:large","max-video-preview":"max-video-preview:-1"},"canonical":"https:\/\/crezco82.es\/motor82\/bono-regalo\/","og_locale":"es_ES","og_type":"article","og_title":"Bono Regalo - UNREAL ROOM ESCAPE","og_description":"[vc_row css=\u00bb.vc_custom_1715681788744{background-position: center !important;background-repeat: no-repeat !important;background-size: cover !important;}\u00bb][vc_column width=\u00bb2\/3&#8243; delay=\u00bb0ms\u00bb css=\u00bb.vc_custom_1547542454111{padding-bottom: 20px !important;}\u00bb][vc_single_image image=\u00bb801&#8243; img_size=\u00bbfull\u00bb alignment=\u00bbcenter\u00bb][\/vc_column][vc_column width=\u00bb1\/3&#8243;][vc_column_text el_class=\u00bbh1 subtitle\u00bb] Si.","og_url":"https:\/\/crezco82.es\/motor82\/bono-regalo\/","og_site_name":"UNREAL ROOM ESCAPE","article_modified_time":"2024-06-05T09:16:14+00:00","twitter_card":"summary_large_image","twitter_misc":{"Tiempo de lectura":"1 minuto"},"schema":{"@context":"https:\/\/schema.org","@graph":[{"@type":"WebPage","@id":"https:\/\/crezco82.es\/motor82\/bono-regalo\/","url":"https:\/\/crezco82.es\/motor82\/bono-regalo\/","name":"Bono Regalo - UNREAL ROOM ESCAPE","isPartOf":{"@id":"https:\/\/crezco82.es\/motor82\/#website"},"datePublished":"2019-05-24T04:29:54+00:00","dateModified":"2024-06-05T09:16:14+00:00","breadcrumb":{"@id":"https:\/\/crezco82.es\/motor82\/bono-regalo\/#breadcrumb"},"inLanguage":"es","potentialAction":[{"@type":"ReadAction","target":["https:\/\/crezco82.es\/motor82\/bono-regalo\/"]}]},{"@type":"BreadcrumbList","@id":"https:\/\/crezco82.es\/motor82\/bono-regalo\/#breadcrumb","itemListElement":[{"@type":"ListItem","position":1,"name":"Portada","item":"https:\/\/crezco82.es\/motor82\/"},{"@type":"ListItem","position":2,"name":"Bono Regalo"}]},{"@type":"WebSite","@id":"https:\/\/crezco82.es\/motor82\/#website","url":"https:\/\/crezco82.es\/motor82\/","name":"UNREAL ROOM ESCAPE","description":"UNREAL ROOM ESCAPE","potentialAction":[{"@type":"SearchAction","target":{"@type":"EntryPoint","urlTemplate":"https:\/\/crezco82.es\/motor82\/?s={search_term_string}"},"query-input":"required name=search_term_string"}],"inLanguage":"es"}]}},"_links":{"self":[{"href":"https:\/\/crezco82.es\/motor82\/wp-json\/wp\/v2\/pages\/398"}],"collection":[{"href":"https:\/\/crezco82.es\/motor82\/wp-json\/wp\/v2\/pages"}],"about":[{"href":"https:\/\/crezco82.es\/motor82\/wp-json\/wp\/v2\/types\/page"}],"author":[{"embeddable":true,"href":"https:\/\/crezco82.es\/motor82\/wp-json\/wp\/v2\/users\/1"}],"replies":[{"embeddable":true,"href":"https:\/\/crezco82.es\/motor82\/wp-json\/wp\/v2\/comments?post=398"}],"version-history":[{"count":33,"href":"https:\/\/crezco82.es\/motor82\/wp-json\/wp\/v2\/pages\/398\/revisions"}],"predecessor-version":[{"id":938,"href":"https:\/\/crezco82.es\/motor82\/wp-json\/wp\/v2\/pages\/398\/revisions\/938"}],"wp:attachment":[{"href":"https:\/\/crezco82.es\/motor82\/wp-json\/wp\/v2\/media?parent=398"}],"curies":[{"name":"wp","href":"https:\/\/api.w.org\/{rel}","templated":true}]}}